{"id":119,"date":"2026-02-01T10:07:35","date_gmt":"2026-02-01T10:07:35","guid":{"rendered":"https:\/\/susecretariaenremoto.com\/?page_id=119"},"modified":"2026-02-01T20:47:10","modified_gmt":"2026-02-01T20:47:10","slug":"aviso-legal","status":"publish","type":"page","link":"https:\/\/susecretariaenremoto.com\/en\/aviso-legal\/","title":{"rendered":"Aviso Legal | SR Soluciones empresariales"},"content":{"rendered":"<h2 class=\"wp-block-heading has-text-align-center\">Aviso Legal | SR Soluciones integrales en remoto para empresas SL<\/h2>\n\n\n\n<p>El presente Aviso legal tiene por objeto regular el acceso y uso del sitio web, as\u00ed como informar sobre la titularidad, las condiciones de navegaci\u00f3n y las obligaciones de los usuarios conforme a la normativa vigente, <a href=\"https:\/\/www.boe.es\/buscar\/act.php?id=BOE-A-2002-13758\" title=\"Ley 34\/2002, de Servicios de la Sociedad de la Informaci\u00f3n y del Comercio Electr\u00f3nico (LSSI-CE\">Ley 34\/2002, de Servicios de la Sociedad de la Informaci\u00f3n y del Comercio Electr\u00f3nico (LSSI-CE<\/a>). El acceso a este sitio web implica la aceptaci\u00f3n de las disposiciones recogidas en este documento.<\/p>\n\n\n\n<p><strong>Denominaci\u00f3n social:<\/strong> SARA RIVAS SOLUCIONES INTEGRALES EN REMOTO PARA EMPRESAS SL<br><strong>NIF:<\/strong> B22692750<br><strong>Domicilio social:<\/strong> CL. Luis Marin 7, 28038 Madrid<br><strong>Correo electr\u00f3nico: <\/strong><a href=\"mailto:&lt;a href=&quot; title=&quot;privacidad@susecretariaenrmoto.com&quot;\" title=\"\">privacidad@susecretariaenremoto.com<\/a><br><strong>Sitio web:<\/strong> <a href=\"https:\/\/susecretariaenremoto.com\/en\/\" title=\"https:\/\/susecretariaenremoto.com\">https:\/\/susecretariaenremoto.com<\/a><br><br><strong>Objeto<\/strong><br>El presente Aviso Legal regula el acceso, navegaci\u00f3n y uso del sitio web, as\u00ed como las responsabilidades derivadas de la utilizaci\u00f3n de sus contenidos y servicios.<br>El acceso y uso del sitio atribuye la condici\u00f3n de usuario e implica la aceptaci\u00f3n de las condiciones aqu\u00ed reflejadas.<br><br><strong>Propiedad intelectual e industrial<\/strong><br>Todos los contenidos del sitio web (textos, im\u00e1genes, dise\u00f1o, logotipos, archivos, software, etc.) son titularidad de la empresa o de terceros autorizados y est\u00e1n protegidos por la normativa de propiedad intelectual e industrial.<br>Queda prohibida su reproducci\u00f3n, distribuci\u00f3n o comunicaci\u00f3n p\u00fablica sin autorizaci\u00f3n expresa.<br><br><strong>Responsabilidad<\/strong><br>La empresa no se responsabiliza de posibles errores u omisiones en los contenidos ni de da\u00f1os derivados del uso del sitio web, ni garantiza la disponibilidad permanente del mismo, aunque se adoptar\u00e1n las medidas necesarias para su correcto funcionamiento.<br><br><strong>Enlaces externos<\/strong><br>El sitio web puede contener enlaces a p\u00e1ginas de terceros. No se asume responsabilidad alguna sobre sus contenidos, pol\u00edticas o pr\u00e1cticas.<br><br><strong>Legislaci\u00f3n y jurisdicci\u00f3n<\/strong><br>La relaci\u00f3n entre el usuario y la empresa se regir\u00e1 por la normativa espa\u00f1ola vigente. Cualquier controversia se someter\u00e1 a los Juzgados y Tribunales de Ibiza.<\/p>","protected":false},"excerpt":{"rendered":"<p>Aviso Legal | SR Soluciones integrales en remoto para empresas SL El presente Aviso legal tiene por objeto regular el acceso y uso del sitio web, as\u00ed como informar sobre la titularidad, las condiciones de navegaci\u00f3n y las obligaciones de los usuarios conforme a la normativa vigente, Ley 34\/2002, de Servicios de la Sociedad de [&hellip;]<\/p>\n","protected":false},"author":1,"featured_media":0,"parent":0,"menu_order":0,"comment_status":"closed","ping_status":"closed","template":"","meta":{"footnotes":""},"class_list":["post-119","page","type-page","status-publish","hentry"],"aioseo_notices":[],"_links":{"self":[{"href":"https:\/\/susecretariaenremoto.com\/en\/wp-json\/wp\/v2\/pages\/119","targetHints":{"allow":["GET"]}}],"collection":[{"href":"https:\/\/susecretariaenremoto.com\/en\/wp-json\/wp\/v2\/pages"}],"about":[{"href":"https:\/\/susecretariaenremoto.com\/en\/wp-json\/wp\/v2\/types\/page"}],"author":[{"embeddable":true,"href":"https:\/\/susecretariaenremoto.com\/en\/wp-json\/wp\/v2\/users\/1"}],"replies":[{"embeddable":true,"href":"https:\/\/susecretariaenremoto.com\/en\/wp-json\/wp\/v2\/comments?post=119"}],"version-history":[{"count":23,"href":"https:\/\/susecretariaenremoto.com\/en\/wp-json\/wp\/v2\/pages\/119\/revisions"}],"predecessor-version":[{"id":917,"href":"https:\/\/susecretariaenremoto.com\/en\/wp-json\/wp\/v2\/pages\/119\/revisions\/917"}],"wp:attachment":[{"href":"https:\/\/susecretariaenremoto.com\/en\/wp-json\/wp\/v2\/media?parent=119"}],"curies":[{"name":"wp","href":"https:\/\/api.w.org\/{rel}","templated":true}]}}