{"id":162,"date":"2026-02-01T10:08:48","date_gmt":"2026-02-01T10:08:48","guid":{"rendered":"https:\/\/susecretariaenremoto.com\/?page_id=162"},"modified":"2026-03-08T20:17:08","modified_gmt":"2026-03-08T20:17:08","slug":"planes-de-negocio-administracion-empresarial","status":"publish","type":"page","link":"https:\/\/susecretariaenremoto.com\/en\/planes-de-negocio-administracion-empresarial\/","title":{"rendered":"Planes de negocio | Administraci\u00f3n empresarial"},"content":{"rendered":"<div class=\"wp-block-group alignfull is-style-ext-preset--group--natural-1--section has-background-background-color has-background has-global-padding is-layout-constrained wp-container-core-group-is-layout-e955bbaf wp-block-group-is-layout-constrained\" style=\"margin-top:0;margin-bottom:0;padding-top:var(--wp--preset--spacing--70);padding-bottom:var(--wp--preset--spacing--70)\">\n<h2 class=\"wp-block-heading alignfull has-text-align-center\">Modelos flexibles y personalizados para cada tipo de empresa<\/h2>\n\n\n\n<p class=\"has-text-align-center\">Dise\u00f1amos nuestros planes en funci\u00f3n del tipo de negocio, su volumen operativo y procesos internos, garantizando una administraci\u00f3n empresarial adecuada a cada estructura<\/p>\n\n\n\n<hr class=\"wp-block-separator has-alpha-channel-opacity\"\/>\n\n\n\n<div class=\"wp-block-media-text alignwide is-stacked-on-mobile is-image-fill-element\" id=\"plan-autonomo-profesional\"><figure class=\"wp-block-media-text__media\"><img loading=\"lazy\" decoding=\"async\" width=\"1024\" height=\"1024\" src=\"https:\/\/susecretariaenremoto.com\/wp-content\/uploads\/2026\/01\/Plan-autonomos3-2.png\" alt=\"Plan Aut\u00f3nomo, servicios de administraci\u00f3n empresarial\" class=\"wp-image-510 size-full\" style=\"object-position:50% 50%\" srcset=\"https:\/\/susecretariaenremoto.com\/wp-content\/uploads\/2026\/01\/Plan-autonomos3-2.png 1024w, https:\/\/susecretariaenremoto.com\/wp-content\/uploads\/2026\/01\/Plan-autonomos3-2-300x300.png 300w, https:\/\/susecretariaenremoto.com\/wp-content\/uploads\/2026\/01\/Plan-autonomos3-2-150x150.png 150w, https:\/\/susecretariaenremoto.com\/wp-content\/uploads\/2026\/01\/Plan-autonomos3-2-768x768.png 768w, https:\/\/susecretariaenremoto.com\/wp-content\/uploads\/2026\/01\/Plan-autonomos3-2-12x12.png 12w\" sizes=\"auto, (max-width: 1024px) 100vw, 1024px\" \/><\/figure><div class=\"wp-block-media-text__content\">\n<h2 class=\"wp-block-heading\">Plan Aut\u00f3nomo Profesional<\/h2>\n\n\n\n<p>El Plan Aut\u00f3nomo Profesional est\u00e1 dise\u00f1ado para aut\u00f3nomos sin empleados que quieren tener su negocio bajo control. Asumimos la organizaci\u00f3n y el seguimiento de tu gesti\u00f3n diaria para que puedas centrarte en tu actividad principal con mayor tranquilidad.<\/p>\n\n\n\n<p>Creamos una jerarqu\u00eda dentro de tu empresa a\u00f1adiendo un departamento de administraci\u00f3n empresarial, ordenamos tu documentaci\u00f3n y estructuramos tu informaci\u00f3n de forma clara y accesible. Supervisamos tu facturaci\u00f3n y controlamos tus gastos para que tus n\u00fameros reflejen fielmente tu actividad. Coordinamos esta informaci\u00f3n con tu gestor\u00eda o con colaboradores de confianza para garantizar el correcto cumplimiento de tus obligaciones administrativas y fiscales.<\/p>\n\n\n\n<p>No solo ejecutamos tareas administrativas. Te aportamos orden, claridad y control sobre tu actividad. Te ayudamos a entender mejor tus n\u00fameros y a trabajar con mayor seguridad y criterio en la toma de decisiones.<\/p>\n\n\n\n<p>Con el Plan Aut\u00f3nomo Profesional ganas tiempo y reduces preocupaciones. Tu administraci\u00f3n queda en manos profesionales, mientras t\u00fa te enfocas en lo que realmente aporta valor a tu negocio.<\/p>\n\n\n\n<blockquote class=\"wp-block-quote is-layout-flow wp-block-quote-is-layout-flow\">\n<h6 class=\"wp-block-heading\"><strong>Desde 600,00 \u20ac \/ mes<\/strong><\/h6>\n<\/blockquote>\n<\/div><\/div>\n\n\n\n<div class=\"wp-block-media-text alignwide is-stacked-on-mobile is-image-fill-element\" id=\"plan-business\"><figure class=\"wp-block-media-text__media\"><img loading=\"lazy\" decoding=\"async\" width=\"1024\" height=\"1024\" src=\"https:\/\/susecretariaenremoto.com\/wp-content\/uploads\/2026\/01\/Plan-Pyme-y-y-equipos2-1.png\" alt=\"Administraci\u00f3n empresarial para pymes con empleados\" class=\"wp-image-513 size-full\" style=\"object-position:50% 50%\" srcset=\"https:\/\/susecretariaenremoto.com\/wp-content\/uploads\/2026\/01\/Plan-Pyme-y-y-equipos2-1.png 1024w, https:\/\/susecretariaenremoto.com\/wp-content\/uploads\/2026\/01\/Plan-Pyme-y-y-equipos2-1-300x300.png 300w, https:\/\/susecretariaenremoto.com\/wp-content\/uploads\/2026\/01\/Plan-Pyme-y-y-equipos2-1-150x150.png 150w, https:\/\/susecretariaenremoto.com\/wp-content\/uploads\/2026\/01\/Plan-Pyme-y-y-equipos2-1-768x768.png 768w, https:\/\/susecretariaenremoto.com\/wp-content\/uploads\/2026\/01\/Plan-Pyme-y-y-equipos2-1-12x12.png 12w\" sizes=\"auto, (max-width: 1024px) 100vw, 1024px\" \/><\/figure><div class=\"wp-block-media-text__content\">\n<h2 class=\"wp-block-heading\">Plan Business &amp; Equipos<\/h2>\n\n\n\n<p>El Plan Business &amp; Equipos est\u00e1 pensado para aut\u00f3nomos con empleados y peque\u00f1as empresas que est\u00e1n creciendo y necesitan una gesti\u00f3n m\u00e1s estructurada y profesional. No se trata solo de llevar la administraci\u00f3n empresarial al d\u00eda, sino de construir una base s\u00f3lida que permita escalar el negocio con orden y rentabilidad.<\/p>\n\n\n\n<p>Integramos tu gesti\u00f3n administrativa, contable y laboral en un \u00fanico modelo de trabajo claro y coordinado. Organizamos la informaci\u00f3n, centralizamos los procesos y garantizamos que todo est\u00e9 alineado con tus objetivos empresariales. Trabajamos de forma cercana contigo y, cuando es necesario, en coordinaci\u00f3n con tu gestor\u00eda o con colaboradores externos de confianza.<\/p>\n\n\n\n<p>Prestamos especial atenci\u00f3n al control de costes y a la evoluci\u00f3n de tu actividad. Analizamos tus gastos, revisamos tus m\u00e1rgenes y te proporcionamos informaci\u00f3n ordenada y comprensible para que puedas tomar decisiones con mayor seguridad. Nuestro objetivo es que tengas una visi\u00f3n real y actualizada de tu situaci\u00f3n financiera en todo momento.<\/p>\n\n\n\n<p>M\u00e1s all\u00e1 de la gesti\u00f3n diaria, te acompa\u00f1amos en el crecimiento de tu empresa. Te ayudamos a anticipar necesidades, mejorar procesos internos y optimizar recursos para que tu negocio avance de forma eficiente y sostenible.<\/p>\n\n\n\n<p>Con el Plan Business &amp; Equipos ganas organizaci\u00f3n, control y criterio en la toma de decisiones. Tu estructura administrativa y financiera se fortalece, mientras t\u00fa te enfocas en desarrollar tu actividad y liderar tu equipo con mayor tranquilidad.<\/p>\n\n\n\n<blockquote class=\"wp-block-quote is-layout-flow wp-block-quote-is-layout-flow\">\n<h6 class=\"wp-block-heading\"><strong>Desde 1 200,00 \u20ac \/ mes<\/strong><\/h6>\n<\/blockquote>\n<\/div><\/div>\n\n\n\n<div class=\"wp-block-media-text alignwide is-stacked-on-mobile is-image-fill-element\"><figure class=\"wp-block-media-text__media\"><img loading=\"lazy\" decoding=\"async\" width=\"1024\" height=\"1024\" src=\"https:\/\/susecretariaenremoto.com\/wp-content\/uploads\/2026\/01\/Plan-Pyme-y-y-equipos2-1.png\" alt=\"Servicios de administraci\u00f3n empresarial para empresas consolidadas\" class=\"wp-image-513 size-full\" style=\"object-position:50% 50%\" srcset=\"https:\/\/susecretariaenremoto.com\/wp-content\/uploads\/2026\/01\/Plan-Pyme-y-y-equipos2-1.png 1024w, https:\/\/susecretariaenremoto.com\/wp-content\/uploads\/2026\/01\/Plan-Pyme-y-y-equipos2-1-300x300.png 300w, https:\/\/susecretariaenremoto.com\/wp-content\/uploads\/2026\/01\/Plan-Pyme-y-y-equipos2-1-150x150.png 150w, https:\/\/susecretariaenremoto.com\/wp-content\/uploads\/2026\/01\/Plan-Pyme-y-y-equipos2-1-768x768.png 768w, https:\/\/susecretariaenremoto.com\/wp-content\/uploads\/2026\/01\/Plan-Pyme-y-y-equipos2-1-12x12.png 12w\" sizes=\"auto, (max-width: 1024px) 100vw, 1024px\" \/><\/figure><div class=\"wp-block-media-text__content\">\n<h2 class=\"wp-block-heading\" id=\"plan-corporate\">Plan Corporate Estrat\u00e9gico<\/h2>\n\n\n\n<p>El Plan Corporate Estrat\u00e9gico est\u00e1 dise\u00f1ado para empresas consolidadas con estructuras complejas, m\u00faltiples \u00e1reas de actividad o proyectos de gran volumen. Est\u00e1 pensado para organizaciones que ya operan a un nivel avanzado y necesitan un sistema de gesti\u00f3n alineado con su dimensi\u00f3n y sus objetivos.<\/p>\n\n\n\n<p>Aportamos un control financiero y operativo de alto nivel, basado en informaci\u00f3n ordenada, fiable y actualizada. Analizamos de forma continua la evoluci\u00f3n de tu actividad, tus costes, tus m\u00e1rgenes y tus resultados, para que siempre tengas una visi\u00f3n clara y fundamentada de tu situaci\u00f3n real.<\/p>\n\n\n\n<p>Trabajamos como un apoyo estrat\u00e9gico interno, coordinando la informaci\u00f3n administrativa, contable y financiera con tu equipo directivo y, cuando es necesario, con tu gestor\u00eda o colaboradores externos de confianza. Nuestro objetivo es garantizar coherencia, trazabilidad y claridad en todos los niveles de la organizaci\u00f3n.<\/p>\n\n\n\n<p>No nos limitamos a revisar n\u00fameros. Interpretamos los datos, identificamos oportunidades de mejora y se\u00f1alamos riesgos antes de que se conviertan en problemas. Te ayudamos a optimizar recursos, mejorar procesos y tomar decisiones estrat\u00e9gicas con mayor seguridad y criterio.<\/p>\n\n\n\n<p>El Plan Corporate Estrat\u00e9gico te permite maximizar la rentabilidad de grandes estructuras y proyectos, asegurando que cada \u00e1rea de tu empresa trabaje de forma alineada con tu estrategia global. Con este plan, ganas visi\u00f3n, control y capacidad de anticipaci\u00f3n para seguir creciendo con solidez.<\/p>\n\n\n\n<blockquote class=\"wp-block-quote is-layout-flow wp-block-quote-is-layout-flow\">\n<h6 class=\"wp-block-heading\"><strong><a href=\"https:\/\/susecretariaenremoto.com\/en\/contacto-actualidad-empresarial-2\/\" title=\"Contacto | Actualidad empresarial\">A CONSULTAR<\/a><\/strong><\/h6>\n<\/blockquote>\n<\/div><\/div>\n\n\n\n<blockquote class=\"wp-block-quote is-layout-flow wp-block-quote-is-layout-flow\">\n<p class=\"has-text-align-left\">Todos nuestros planes incluyen de forma integral los <a href=\"https:\/\/susecretariaenremoto.com\/en\/servicios-empresariales-nuestras-soluciones\/\" title=\"Servicios empresariales | Nuestras soluciones\">servicios de administraci\u00f3n empresarial<\/a>, contabilidad y consultor\u00eda adaptados a tu volumen de negocio<\/p>\n<\/blockquote>\n<\/div>","protected":false},"excerpt":{"rendered":"<p>Modelos flexibles y personalizados para cada tipo de empresa Dise\u00f1amos nuestros planes en funci\u00f3n del tipo de negocio, su volumen operativo y procesos internos, garantizando una administraci\u00f3n empresarial adecuada a cada estructura Plan Aut\u00f3nomo Profesional El Plan Aut\u00f3nomo Profesional est\u00e1 dise\u00f1ado para aut\u00f3nomos sin empleados que quieren tener su negocio bajo control. Asumimos la organizaci\u00f3n [&hellip;]<\/p>\n","protected":false},"author":1,"featured_media":0,"parent":0,"menu_order":0,"comment_status":"closed","ping_status":"closed","template":"page-with-title","meta":{"footnotes":""},"class_list":["post-162","page","type-page","status-publish","hentry"],"aioseo_notices":[],"_links":{"self":[{"href":"https:\/\/susecretariaenremoto.com\/en\/wp-json\/wp\/v2\/pages\/162","targetHints":{"allow":["GET"]}}],"collection":[{"href":"https:\/\/susecretariaenremoto.com\/en\/wp-json\/wp\/v2\/pages"}],"about":[{"href":"https:\/\/susecretariaenremoto.com\/en\/wp-json\/wp\/v2\/types\/page"}],"author":[{"embeddable":true,"href":"https:\/\/susecretariaenremoto.com\/en\/wp-json\/wp\/v2\/users\/1"}],"replies":[{"embeddable":true,"href":"https:\/\/susecretariaenremoto.com\/en\/wp-json\/wp\/v2\/comments?post=162"}],"version-history":[{"count":42,"href":"https:\/\/susecretariaenremoto.com\/en\/wp-json\/wp\/v2\/pages\/162\/revisions"}],"predecessor-version":[{"id":1103,"href":"https:\/\/susecretariaenremoto.com\/en\/wp-json\/wp\/v2\/pages\/162\/revisions\/1103"}],"wp:attachment":[{"href":"https:\/\/susecretariaenremoto.com\/en\/wp-json\/wp\/v2\/media?parent=162"}],"curies":[{"name":"wp","href":"https:\/\/api.w.org\/{rel}","templated":true}]}}