{"id":310,"date":"2026-02-01T10:09:22","date_gmt":"2026-02-01T10:09:22","guid":{"rendered":"https:\/\/susecretariaenremoto.com\/?page_id=310"},"modified":"2026-03-08T15:34:20","modified_gmt":"2026-03-08T15:34:20","slug":"politica-de-privacidad","status":"publish","type":"page","link":"https:\/\/susecretariaenremoto.com\/en\/politica-de-privacidad\/","title":{"rendered":"Pol\u00edtica de privacidad | SR Soluciones empresariales"},"content":{"rendered":"<h2 class=\"wp-block-heading\">Pol\u00edtica de Privacidad<\/h2>\n\n\n\n<p>La presente <strong>Pol\u00edtica de Privacidad<\/strong> establece c\u00f3mo en <strong><a href=\"https:\/\/susecretariaenremoto.com\/en\/\" title=\"\">www.susecretariaenremoto.com<\/a><\/strong> protegemos la privacidad de los usuarios y tratamos sus datos personales conforme al Reglamento General de Protecci\u00f3n de Datos (RGPD) y a la Ley Org\u00e1nica 3\/2018 de Protecci\u00f3n de Datos Personales y garant\u00eda de los derechos digitales (LOPDGDD).<\/p>\n\n\n\n<p>El acceso y uso de este sitio web implica el conocimiento y aceptaci\u00f3n de los t\u00e9rminos recogidos en esta Pol\u00edtica de Privacidad, que podr\u00e1 ser actualizada en cualquier momento para adaptarse a cambios normativos o de funcionamiento del sitio web.<\/p>\n\n\n\n<p><strong>Responsable del tratamiento<\/strong><br>Los datos personales recabados a trav\u00e9s de este sitio web ser\u00e1n tratados, conforme a esta <strong>Pol\u00edtica de Privacidad<\/strong>, por:<br><strong>Responsable:<\/strong> SARA RIVAS SOLUCIONES INTEGRALES EN REMOTO PARA EMPRESAS SL<br><strong>NIF: <\/strong>B22692750<br><strong>Direcci\u00f3n: <\/strong>CL. Luis Marin 7, 28038 Madrid<br><strong>Correo electr\u00f3nico:<\/strong><a href=\"mailto:&lt;a href=&quot; title=&quot;privacidad@susecretariaenrmoto.com&quot;\" title=\" privacidad@susecretariaenremoto.com\">privacidad@susecretariaenremoto.com<\/a><\/p>\n\n\n\n<p><strong>Datos personales que se recogen<\/strong><br>A trav\u00e9s de los formularios de contacto y otros medios habilitados en este sitio web, podr\u00e1n recabarse los siguientes datos personales:<br>Nombre y apellidos<br>Correo electr\u00f3nico<br>Tel\u00e9fono<br>Informaci\u00f3n voluntariamente por el usuario en los formularios de contacto<br>Estos datos ser\u00e1n tratados \u00fanicamente para las finalidades descritas en la presente pol\u00edtica y en ning\u00fan caso se recabar\u00e1n datos innecesarios o desproporcionados.<\/p>\n\n\n\n<p><strong>Finalidad del tratamiento<\/strong><br>Los datos personales facilitados por los usuarios ser\u00e1n tratados con las siguientes finalidades:<br>Atender consultas y solicitudes realizadas a trav\u00e9s de los formularios de contacto.<br>Prestar los servicios solicitados por el usuario.<br>Enviar comunicaciones relacionadas con los servicios, siempre que exista base legal para ello.<br>Cumplir con obligaciones legales que resulten de aplicaci\u00f3n al responsable del tratamiento.<br>En ning\u00fan caso los datos ser\u00e1n utilizados para finalidades distintas a las aqu\u00ed indicadas sin el consentimiento previo del usuario.<\/p>\n\n\n\n<p><strong>Base legal<\/strong><br>El tratamiento de los datos personales se basa en:<br><strong>El consentimiento del usuario<\/strong>, otorgado de forma libre, espec\u00edfica, informada e inequ\u00edvoca al enviar sus datos a trav\u00e9s de los formularios.<br><strong>La ejecuci\u00f3n de un contrato o relaci\u00f3n precontractual<\/strong>, cuando el tratamiento sea necesario para la prestaci\u00f3n de los servicios solicitados por el usuario.<br>El usuario podr\u00e1 retirar su consentimiento en cualquier momento, sin que ello afecte a la licitud del tratamiento basado en el consentimiento previo a su retirada.<\/p>\n\n\n\n<p><strong>Cesi\u00f3n de datos<\/strong><br>No se ceder\u00e1n datos personales a terceros, salvo:<br>Cuando exista <strong>obligaci\u00f3n legal<\/strong> de hacerlo.<br>Cuando sea <strong>estrictamente necesario<\/strong> para la prestaci\u00f3n de los servicios solicitados por el usuario (por ejemplo, coordinaci\u00f3n con gestor\u00edas u otros colaboradores profesionales, en su caso).<br>En cualquier caso, toda cesi\u00f3n de datos se realizar\u00e1 con las garant\u00edas legales adecuadas.<\/p>\n\n\n\n<p><strong>Derechos del usuario<\/strong><br>El usuario podr\u00e1 ejercer en cualquier momento los siguientes derechos en relaci\u00f3n con sus datos personales:<br><strong>Derecho de acceso:<\/strong> a conocer qu\u00e9 datos personales se est\u00e1n tratando.<br><strong>Derecho de rectificaci\u00f3n:<\/strong> a solicitar la correcci\u00f3n de datos inexactos o incompletos.<br><strong>Derecho de supresi\u00f3n:<\/strong> a solicitar la eliminaci\u00f3n de sus datos cuando ya no sean necesarios.<br><strong>Derecho de oposici\u00f3n:<\/strong> a oponerse al tratamiento de sus datos en determinados supuestos.<br><strong>Derecho de limitaci\u00f3n del tratamiento:<\/strong> a solicitar que se limiten los usos de sus datos.<br><strong>Derecho a la portabilidad:<\/strong> a recibir sus datos en un formato estructurado y transferirlos a otro responsable.<\/p>\n\n\n\n<p>Para ejercer estos derechos, el usuario podr\u00e1 dirigirse por escrito a: <strong><a href=\"mailto:&lt;a href=&quot; title=&quot;privacidad@susecretariaenrmoto.com&quot;\" title=\"privacidad@susecretariaenremoto.com\">privacidad@susecretariaenremoto.com<\/a><\/strong><br>Asimismo, el usuario podr\u00e1 <strong>retirar su consentimiento en cualquier momento<\/strong> por la misma v\u00eda.<\/p>\n\n\n\n<p>El usuario tambi\u00e9n tiene derecho a presentar una reclamaci\u00f3n ante la <strong>Agencia Espa\u00f1ola de Protecci\u00f3n de Datos (AEPD)<\/strong> en caso de considerar que el tratamiento de sus datos no se ajusta a la normativa vigente:<br><a href=\"https:\/\/www.aepd.es\/\" title=\"\">www.aepd.es\/<\/a><\/p>\n\n\n\n<p><strong>Seguridad de los datos<\/strong><br>El responsable del tratamiento aplica medidas t\u00e9cnicas y organizativas adecuadas para garantizar la seguridad y confidencialidad de los datos personales, evitando su p\u00e9rdida, alteraci\u00f3n, acceso no autorizado o uso indebido.<br>Estas medidas se revisan y actualizan peri\u00f3dicamente en funci\u00f3n de los avances tecnol\u00f3gicos y los riesgos existentes.<br>Estas medidas se aplican en coherencia con los principios recogidos en la presente <strong>Pol\u00edtica de Privacidad<\/strong>.<\/p>\n\n\n\n<p><strong>Relaci\u00f3n con el uso de cookies<\/strong><br>El tratamiento de ciertos datos puede estar vinculado al uso de cookies en este sitio web. Debe tenerse en cuenta que la desactivaci\u00f3n de determinadas cookies puede afectar al correcto funcionamiento de algunas funcionalidades del sitio web. Para m\u00e1s informaci\u00f3n, consulte nuestra <a href=\"https:\/\/susecretariaenremoto.com\/en\/politica-de-cookies\/\" title=\"Pol\u00edtica de Cookies.\">Pol\u00edtica de Cookies.<\/a><\/p>","protected":false},"excerpt":{"rendered":"<p>Pol\u00edtica de Privacidad La presente Pol\u00edtica de Privacidad establece c\u00f3mo en www.susecretariaenremoto.com protegemos la privacidad de los usuarios y tratamos sus datos personales conforme al Reglamento General de Protecci\u00f3n de Datos (RGPD) y a la Ley Org\u00e1nica 3\/2018 de Protecci\u00f3n de Datos Personales y garant\u00eda de los derechos digitales (LOPDGDD). El acceso y uso de [&hellip;]<\/p>\n","protected":false},"author":1,"featured_media":0,"parent":0,"menu_order":0,"comment_status":"closed","ping_status":"closed","template":"","meta":{"footnotes":""},"class_list":["post-310","page","type-page","status-publish","hentry"],"aioseo_notices":[],"_links":{"self":[{"href":"https:\/\/susecretariaenremoto.com\/en\/wp-json\/wp\/v2\/pages\/310","targetHints":{"allow":["GET"]}}],"collection":[{"href":"https:\/\/susecretariaenremoto.com\/en\/wp-json\/wp\/v2\/pages"}],"about":[{"href":"https:\/\/susecretariaenremoto.com\/en\/wp-json\/wp\/v2\/types\/page"}],"author":[{"embeddable":true,"href":"https:\/\/susecretariaenremoto.com\/en\/wp-json\/wp\/v2\/users\/1"}],"replies":[{"embeddable":true,"href":"https:\/\/susecretariaenremoto.com\/en\/wp-json\/wp\/v2\/comments?post=310"}],"version-history":[{"count":14,"href":"https:\/\/susecretariaenremoto.com\/en\/wp-json\/wp\/v2\/pages\/310\/revisions"}],"predecessor-version":[{"id":999,"href":"https:\/\/susecretariaenremoto.com\/en\/wp-json\/wp\/v2\/pages\/310\/revisions\/999"}],"wp:attachment":[{"href":"https:\/\/susecretariaenremoto.com\/en\/wp-json\/wp\/v2\/media?parent=310"}],"curies":[{"name":"wp","href":"https:\/\/api.w.org\/{rel}","templated":true}]}}