{"id":60,"date":"2026-02-01T10:09:38","date_gmt":"2026-02-01T10:09:38","guid":{"rendered":"https:\/\/susecretariaenremoto.com\/?page_id=60"},"modified":"2026-03-08T20:16:45","modified_gmt":"2026-03-08T20:16:45","slug":"servicios-empresariales-nuestras-soluciones","status":"publish","type":"page","link":"https:\/\/susecretariaenremoto.com\/en\/servicios-empresariales-nuestras-soluciones\/","title":{"rendered":"Servicios empresariales | Especialistas en el sector construcci\u00f3n"},"content":{"rendered":"<div class=\"wp-block-group alignfull is-style-ext-preset--group--natural-1--section has-background-background-color has-background has-global-padding is-layout-constrained wp-container-core-group-is-layout-6714b1d7 wp-block-group-is-layout-constrained\" style=\"margin-top:0;margin-bottom:0;padding-top:var(--wp--preset--spacing--70);padding-bottom:var(--wp--preset--spacing--70)\">\n<div class=\"wp-block-group alignwide is-vertical is-content-justification-center is-layout-flex wp-container-core-group-is-layout-c9ee0c5a wp-block-group-is-layout-flex\">\n<div class=\"wp-block-group has-global-padding is-layout-constrained wp-container-core-group-is-layout-2287c683 wp-block-group-is-layout-constrained\">\n<h4 class=\"wp-block-heading has-text-align-center\">Nuestro objetivo es reducir la carga operativa de las empresas del sector construcci\u00f3n. <br>Ayudamos a crecer con mayor claridad, organizaci\u00f3n y criterio empresarial.<br>Integramos contabilidad, administraci\u00f3n y estrategia en un mismo modelo de trabajo. <br>Un sistema pensado para mejorar la gesti\u00f3n y la organizaci\u00f3n del negocio<strong>.<\/strong><\/h4>\n<\/div>\n<\/div>\n<\/div>\n\n\n\n<hr class=\"wp-block-separator has-alpha-channel-opacity\"\/>\n\n\n\n<div class=\"wp-block-group alignwide has-global-padding is-layout-constrained wp-block-group-is-layout-constrained\" id=\"gestion-administrativa\">\n<h3 class=\"wp-block-heading alignfull has-text-align-center\" id=\"Gesti\u00f3n-Administrativa-Integral\">Gesti\u00f3n administrativa integral para empresas constructoras<\/h3>\n\n\n\n<div class=\"wp-block-media-text alignwide is-stacked-on-mobile is-style-default\" style=\"grid-template-columns:23% auto\"><figure class=\"wp-block-media-text__media\"><img loading=\"lazy\" decoding=\"async\" width=\"1024\" height=\"936\" src=\"https:\/\/susecretariaenremoto.com\/wp-content\/uploads\/2026\/01\/GESTION-ADM.INTEGRAL2.png\" alt=\"Servicios empresariales\" class=\"wp-image-596 size-full\" srcset=\"https:\/\/susecretariaenremoto.com\/wp-content\/uploads\/2026\/01\/GESTION-ADM.INTEGRAL2.png 1024w, https:\/\/susecretariaenremoto.com\/wp-content\/uploads\/2026\/01\/GESTION-ADM.INTEGRAL2-300x274.png 300w, https:\/\/susecretariaenremoto.com\/wp-content\/uploads\/2026\/01\/GESTION-ADM.INTEGRAL2-768x702.png 768w, https:\/\/susecretariaenremoto.com\/wp-content\/uploads\/2026\/01\/GESTION-ADM.INTEGRAL2-13x12.png 13w\" sizes=\"auto, (max-width: 1024px) 100vw, 1024px\" \/><\/figure><div class=\"wp-block-media-text__content\">\n<blockquote class=\"wp-block-quote is-layout-flow wp-block-quote-is-layout-flow\">\n<p>Asumimos la gesti\u00f3n administrativa de empresas constructoras.<br>Organizamos procesos, documentaci\u00f3n y operativa diaria del negocio.<br>Aportamos una visi\u00f3n estrat\u00e9gica basada en el an\u00e1lisis de la gesti\u00f3n diaria, los n\u00fameros y la experiencia acumulada en distintos proyectos de obra.<br>Detectamos oportunidades de mejora, optimizamos recursos y ayudamos a tomar decisiones m\u00e1s rentables.<br>Siempre con una visi\u00f3n pr\u00e1ctica y realista del negocio.<\/p>\n<\/blockquote>\n<\/div><\/div>\n\n\n\n<div class=\"wp-block-columns alignwide is-layout-flex wp-container-core-columns-is-layout-28f84493 wp-block-columns-is-layout-flex\">\n<div class=\"wp-block-column is-vertically-aligned-center is-layout-flow wp-block-column-is-layout-flow\" style=\"flex-basis:50%\">\n<ul class=\"wp-block-list\">\n<li><strong>Realizaci\u00f3n de Presupuestos y Proyectos de Obra<\/strong><br>Preparaci\u00f3n de presupuestos administrativos y t\u00e9cnicos. Desde intervenciones puntuales hasta proyectos integrales de mayor complejidad. Incluye mediciones, materiales y recursos humanos.<br>Analizamos los costes reales de cada proyecto: materiales, mano de obra y compras.<br>El objetivo es asegurar m\u00e1rgenes correctos y evitar desviaciones econ\u00f3micas.<br>Utilizamos herramientas como <a href=\"https:\/\/generadordeprecios.info\/\" title=\"CYPE\">CYPE<\/a>, siempre ajustando los presupuestos a los costes reales de cada proyecto.<\/li>\n\n\n\n<li><strong>Documentaci\u00f3n de Empresa<\/strong> <br>Gesti\u00f3n y control de toda la documentaci\u00f3n administrativa y t\u00e9cnica, interna y la requerida por promotores, contratas o subcontratas o para accesos a obra y cumplimiento normativo y legal.<\/li>\n\n\n\n<li><strong>Control de Almac\u00e9n<\/strong><br>Supervisi\u00f3n del inventario, materiales y recursos, control de entradas y salidas, gesti\u00f3n de proveedores y seguimiento de costes para optimizar compras y evitar sobrecostes.<\/li>\n\n\n\n<li><strong>Bases de Datos<\/strong> <strong>y Programas de Gesti\u00f3n<\/strong><br>Organizaci\u00f3n, mantenimiento y actualizaci\u00f3n de la informaci\u00f3n en sistemas de gesti\u00f3n empresarial. Incluido Verifactu.<br>Nos integramos en el software del cliente (ERP, CRM, SAP u otras plataformas) o recomendamos la soluci\u00f3n tecnol\u00f3gica m\u00e1s eficiente seg\u00fan sus necesidades operativas.<\/li>\n<\/ul>\n<\/div>\n\n\n\n<div class=\"wp-block-column is-layout-flow wp-block-column-is-layout-flow\" style=\"flex-basis:50%\">\n<ul class=\"wp-block-list\">\n<li><strong>Documentaci\u00f3n y Normativa para el Sector Construcci\u00f3n<\/strong><br>Gestionamos la documentaci\u00f3n obligatoria para obras y contratas:<br>Prevenci\u00f3n de riesgos laborales, seguros de convenio, acreditaciones y plataformas de acceso. <br>Tramitamos el REA y presentamos licencias de obra ante los organismos correspondientes.<br>Coordinamos la formaci\u00f3n obligatoria en PRL para cada puesto a trav\u00e9s de la Fundaci\u00f3n Laboral de la Construcci\u00f3n.<br>Asegurando el cumplimiento normativo y evitando retrasos o incidencias administrativas.<\/li>\n\n\n\n<li><strong>Seguros para la Protecci\u00f3n de tu Negocio<\/strong><br>Informaci\u00f3n a nuestros clientes, an\u00e1lisis y contrataci\u00f3n de las p\u00f3lizas necesarias para proteger la actividad y cumplir la normativa vigente, responsabilidad civil, responsabilidad civil patronal, seguros de convenio, local. <\/li>\n\n\n\n<li><strong>Gesti\u00f3n de Notificaciones Electr\u00f3nicas<\/strong><br>Supervisi\u00f3n continua de los buzones electr\u00f3nicos oficiales de la empresa.<br>Apertura, revisi\u00f3n y seguimiento de todas las comunicaciones de organismos p\u00fablicos, garantizando respuestas dentro de plazo y evitando incidencias administrativas.<\/li>\n<\/ul>\n<\/div>\n<\/div>\n<\/div>\n\n\n\n<hr class=\"wp-block-separator has-alpha-channel-opacity\"\/>\n\n\n\n<div class=\"wp-block-group alignwide has-global-padding is-layout-constrained wp-block-group-is-layout-constrained\" id=\"control-contable\">\n<h3 class=\"wp-block-heading alignfull has-text-align-center\" id=\"Control-Contable-y-Financiero\">Control Contable y Financiero<\/h3>\n\n\n\n<div class=\"wp-block-media-text alignwide is-stacked-on-mobile is-style-default\" style=\"grid-template-columns:29% auto\"><figure class=\"wp-block-media-text__media\"><img loading=\"lazy\" decoding=\"async\" width=\"1024\" height=\"944\" src=\"https:\/\/susecretariaenremoto.com\/wp-content\/uploads\/2026\/01\/CONTROL-CONTABLE-Y-FINANCIERO2.png\" alt=\"\" class=\"wp-image-589 size-full\" srcset=\"https:\/\/susecretariaenremoto.com\/wp-content\/uploads\/2026\/01\/CONTROL-CONTABLE-Y-FINANCIERO2.png 1024w, https:\/\/susecretariaenremoto.com\/wp-content\/uploads\/2026\/01\/CONTROL-CONTABLE-Y-FINANCIERO2-300x277.png 300w, https:\/\/susecretariaenremoto.com\/wp-content\/uploads\/2026\/01\/CONTROL-CONTABLE-Y-FINANCIERO2-768x708.png 768w, https:\/\/susecretariaenremoto.com\/wp-content\/uploads\/2026\/01\/CONTROL-CONTABLE-Y-FINANCIERO2-13x12.png 13w\" sizes=\"auto, (max-width: 1024px) 100vw, 1024px\" \/><\/figure><div class=\"wp-block-media-text__content\">\n<blockquote class=\"wp-block-quote is-layout-flow wp-block-quote-is-layout-flow\">\n<p>Servicios empresariales en contabilidad y finanzas<br>Nos encargamos del control contable y financiero de tu empresa para que tengas una visi\u00f3n clara y actualizada de tu situaci\u00f3n econ\u00f3mica en todo momento<br>Trabajamos como apoyo interno del negocio, facilitando informaci\u00f3n fiable y ordenada que te permita tomar decisiones con mayor seguridad y control<br>El soporte en materia fiscal se realiza siempre en coordinaci\u00f3n con la gestor\u00eda habitual del cliente o, si lo prefiere, a trav\u00e9s de nuestra gestor\u00eda colaboradora<\/p>\n<\/blockquote>\n<\/div><\/div>\n\n\n\n<div class=\"wp-block-columns alignwide is-layout-flex wp-container-core-columns-is-layout-28f84493 wp-block-columns-is-layout-flex\">\n<div class=\"wp-block-column is-vertically-aligned-center is-layout-flow wp-block-column-is-layout-flow\" style=\"flex-basis:50%\">\n<ul class=\"wp-block-list\">\n<li><strong>Facturaci\u00f3n<\/strong><br>Servicios empresariales de emisi\u00f3n y control de facturas a clientes y organismos p\u00fablicos, incluyendo facturaci\u00f3n electr\u00f3nica a trav\u00e9s de plataformas oficiales (FACE).<br><\/li>\n\n\n\n<li><strong>Tesorer\u00eda &#8211; Bancos<\/strong><br>Supervisi\u00f3n de cuentas y movimientos bancarios, control de saldos, seguimiento de cobros y pagos y conciliaci\u00f3n peri\u00f3dica de la operativa bancaria.<br>Manteniendo la informaci\u00f3n financiera actualizada.<\/li>\n\n\n\n<li><strong>Control documental contable<\/strong><br>Disponibilidad inmediata de informaci\u00f3n requerida por gestor\u00eda u organismos oficiales.<\/li>\n<\/ul>\n<\/div>\n\n\n\n<div class=\"wp-block-column is-layout-flow wp-block-column-is-layout-flow\" style=\"flex-basis:50%\">\n<ul class=\"wp-block-list\">\n<li><strong>Contabilidad<\/strong> <strong>Anal\u00edtica \/ Control de Costes<\/strong><br>Registro de facturas de gasto y\/o aprovisionamiento seg\u00fan criterios contables, asegurando informaci\u00f3n de costes real y actualizada.<br>Vinculado a la facturaci\u00f3n para disponer de una visi\u00f3n \u00edntegra de ingresos y gastos.<\/li>\n\n\n\n<li><strong>IVA. Control y Supervisi\u00f3n Trimestral y Anual<\/strong><br>Supervisi\u00f3n trimestral y cierre anual del IVA, comprobando la correcta imputaci\u00f3n contable de ingresos y gastos y la adecuada aplicaci\u00f3n de los criterios normativos. <br>Asegurando la consistencia de las cifras econ\u00f3micas.<br>Elaboraci\u00f3n del <strong>modelo 347<\/strong>, a partir del control continuo de Proveedores y Clientes, garantizando la coherencia y exactitud de los datos facilitados a la gestor\u00eda para su presentaci\u00f3n.<\/li>\n<\/ul>\n<\/div>\n<\/div>\n<\/div>\n\n\n\n<hr class=\"wp-block-separator has-alpha-channel-opacity\"\/>\n\n\n\n<div class=\"wp-block-group alignwide has-global-padding is-layout-constrained wp-block-group-is-layout-constrained\" id=\"consultoria-estrategica\">\n<h3 class=\"wp-block-heading alignfull has-text-align-center\">Consultor\u00eda Estrat\u00e9gica y Optimizaci\u00f3n de Beneficios<\/h3>\n\n\n\n<div class=\"wp-block-media-text alignwide is-stacked-on-mobile is-style-default\" style=\"grid-template-columns:29% auto\"><figure class=\"wp-block-media-text__media\"><img loading=\"lazy\" decoding=\"async\" width=\"1024\" height=\"936\" src=\"https:\/\/susecretariaenremoto.com\/wp-content\/uploads\/2026\/01\/CONSULTORIA-ESTRATNEGICA2.png\" alt=\"\" class=\"wp-image-660 size-full\" srcset=\"https:\/\/susecretariaenremoto.com\/wp-content\/uploads\/2026\/01\/CONSULTORIA-ESTRATNEGICA2.png 1024w, https:\/\/susecretariaenremoto.com\/wp-content\/uploads\/2026\/01\/CONSULTORIA-ESTRATNEGICA2-300x274.png 300w, https:\/\/susecretariaenremoto.com\/wp-content\/uploads\/2026\/01\/CONSULTORIA-ESTRATNEGICA2-768x702.png 768w, https:\/\/susecretariaenremoto.com\/wp-content\/uploads\/2026\/01\/CONSULTORIA-ESTRATNEGICA2-13x12.png 13w\" sizes=\"auto, (max-width: 1024px) 100vw, 1024px\" \/><\/figure><div class=\"wp-block-media-text__content\">\n<blockquote class=\"wp-block-quote is-layout-flow wp-block-quote-is-layout-flow\">\n<p>Incluido en nuestros servicios empresariales<br>Aportamos una visi\u00f3n estrat\u00e9gica del negocio basada en el an\u00e1lisis de la gesti\u00f3n diaria, los n\u00fameros y la experiencia acumulada en distintos proyectos<br>Nuestro acompa\u00f1amiento permite detectar oportunidades de mejora, optimizar recursos y tomar decisiones m\u00e1s rentables, siempre con una visi\u00f3n pr\u00e1ctica y realista del negocio<br>Este servicio se apoya en la gesti\u00f3n administrativa y contable, convirtiendo la informaci\u00f3n en criterio y la gesti\u00f3n en decisiones estrat\u00e9gicas orientadas al crecimiento<\/p>\n<\/blockquote>\n<\/div><\/div>\n\n\n\n<div class=\"wp-block-columns alignwide is-layout-flex wp-container-core-columns-is-layout-28f84493 wp-block-columns-is-layout-flex\">\n<div class=\"wp-block-column is-vertically-aligned-center is-layout-flow wp-block-column-is-layout-flow\" style=\"flex-basis:50%\">\n<ul class=\"wp-block-list\">\n<li><strong>Consultor\u00eda estrat\u00e9gica empresarial<\/strong><br>An\u00e1lisis global del negocio.<\/li>\n\n\n\n<li><strong>An\u00e1lisis de rentabilidad y optimizaci\u00f3n de costes<\/strong><br>Evaluaci\u00f3n peri\u00f3dica de ingresos, costes y m\u00e1rgenes por actividad y\/o proyecto, revisando la estructura de gastos y recursos para identificar mejoras y aumentar la rentabilidad del negocio.<\/li>\n\n\n\n<li><strong>Organizaci\u00f3n y mejora de procesos administrativos<\/strong><br>Revisi\u00f3n de circuitos internos, flujos documentales y procedimientos para aumentar el control y la eficiencia operativa.<\/li>\n\n\n\n<li><strong>Apoyo a direcci\u00f3n y gerencia<\/strong><br>Soporte continuo como \u00e1rea financiera externa para consultas, decisiones y seguimiento del negocio.<\/li>\n<\/ul>\n<\/div>\n\n\n\n<div class=\"wp-block-column is-layout-flow wp-block-column-is-layout-flow\" style=\"flex-basis:50%\">\n<ul class=\"wp-block-list\">\n<li><strong>Red de Gestor\u00edas y Asesor\u00edas<\/strong><br>Colaboraci\u00f3n directa con nuestras gestor\u00edas y asesor\u00edas especializadas en contabilidad, fiscalidad y \u00e1mbito laboral, integrando la operativa en un \u00fanico canal de trabajo y comunicaci\u00f3n continua.<\/li>\n\n\n\n<li><strong>Acuerdos y Negociaciones<\/strong><br>Intervenci\u00f3n en la negociaci\u00f3n de precios, condiciones contractuales y acuerdos de colaboraci\u00f3n con terceros.<br>Obteniendo las mejores condiciones econ\u00f3micas, que se traslada en una reducci\u00f3n directa de costes para la actividad.<\/li>\n\n\n\n<li><strong>Coordinaci\u00f3n de Viajes Corporativos<\/strong><br>Organizaci\u00f3n de desplazamientos profesionales, incluyendo transporte, vuelos, alojamiento y actividades.<\/li>\n<\/ul>\n<\/div>\n<\/div>\n<\/div>\n\n\n\n<hr class=\"wp-block-separator has-alpha-channel-opacity\"\/>\n\n\n\n<div class=\"wp-block-buttons is-content-justification-center is-layout-flex wp-container-core-buttons-is-layout-a89b3969 wp-block-buttons-is-layout-flex\">\n<div class=\"wp-block-button is-style-ext-preset--button--brutalism-1--button-1 is-style-ext-preset--button--brutalism-1--button-1--2\"><a class=\"wp-block-button__link wp-element-button\" href=\"https:\/\/susecretariaenremoto.com\/en\/planes-de-negocio-administracion-empresarial\/\">Ver planes de negocio<\/a><\/div>\n<\/div>","protected":false},"excerpt":{"rendered":"<p>Nuestro objetivo es reducir la carga operativa de las empresas del sector construcci\u00f3n. Ayudamos a crecer con mayor claridad, organizaci\u00f3n y criterio empresarial.Integramos contabilidad, administraci\u00f3n y estrategia en un mismo modelo de trabajo. Un sistema pensado para mejorar la gesti\u00f3n y la organizaci\u00f3n del negocio. Gesti\u00f3n administrativa integral para empresas constructoras Asumimos la gesti\u00f3n administrativa [&hellip;]<\/p>\n","protected":false},"author":1,"featured_media":0,"parent":0,"menu_order":0,"comment_status":"closed","ping_status":"closed","template":"page-with-title","meta":{"footnotes":""},"class_list":["post-60","page","type-page","status-publish","hentry"],"aioseo_notices":[],"_links":{"self":[{"href":"https:\/\/susecretariaenremoto.com\/en\/wp-json\/wp\/v2\/pages\/60","targetHints":{"allow":["GET"]}}],"collection":[{"href":"https:\/\/susecretariaenremoto.com\/en\/wp-json\/wp\/v2\/pages"}],"about":[{"href":"https:\/\/susecretariaenremoto.com\/en\/wp-json\/wp\/v2\/types\/page"}],"author":[{"embeddable":true,"href":"https:\/\/susecretariaenremoto.com\/en\/wp-json\/wp\/v2\/users\/1"}],"replies":[{"embeddable":true,"href":"https:\/\/susecretariaenremoto.com\/en\/wp-json\/wp\/v2\/comments?post=60"}],"version-history":[{"count":182,"href":"https:\/\/susecretariaenremoto.com\/en\/wp-json\/wp\/v2\/pages\/60\/revisions"}],"predecessor-version":[{"id":1101,"href":"https:\/\/susecretariaenremoto.com\/en\/wp-json\/wp\/v2\/pages\/60\/revisions\/1101"}],"wp:attachment":[{"href":"https:\/\/susecretariaenremoto.com\/en\/wp-json\/wp\/v2\/media?parent=60"}],"curies":[{"name":"wp","href":"https:\/\/api.w.org\/{rel}","templated":true}]}}