{"id":645,"date":"2026-02-01T10:08:21","date_gmt":"2026-02-01T10:08:21","guid":{"rendered":"https:\/\/susecretariaenremoto.com\/?page_id=645"},"modified":"2026-03-08T19:57:29","modified_gmt":"2026-03-08T19:57:29","slug":"nuestra-historia-experiencia-y-compromiso","status":"publish","type":"page","link":"https:\/\/susecretariaenremoto.com\/en\/nuestra-historia-experiencia-y-compromiso\/","title":{"rendered":"Nuestra historia | Experiencia y compromiso"},"content":{"rendered":"<div class=\"wp-block-group alignfull is-style-ext-preset--group--natural-1--section has-background-background-color has-background has-global-padding is-layout-constrained wp-container-core-group-is-layout-6714b1d7 wp-block-group-is-layout-constrained\" style=\"margin-top:0;margin-bottom:0;padding-top:var(--wp--preset--spacing--70);padding-bottom:var(--wp--preset--spacing--70)\">\n<div class=\"wp-block-group alignwide is-vertical is-content-justification-center is-layout-flex wp-container-core-group-is-layout-c9ee0c5a wp-block-group-is-layout-flex\">\n<div class=\"wp-block-group has-global-padding is-layout-constrained wp-container-core-group-is-layout-2287c683 wp-block-group-is-layout-constrained\">\n<h3 class=\"wp-block-heading has-text-align-center\">Nuestra historia nace dentro del propio sector construcci\u00f3n<\/h3>\n\n\n\n<p class=\"has-text-align-center\"><br>Durante a\u00f1os hemos trabajado junto a aut\u00f3nomos, pymes y empresas del sector de la construcci\u00f3n. Participando en la <strong>gesti\u00f3n financiera, administrativa y organizativa<\/strong> de sus negocios.<\/p>\n\n\n\n<p class=\"has-text-align-center\">Esa experiencia nos permiti\u00f3 comprender la realidad del sector y detectar una necesidad clara:<br>Muchas empresas necesitaban <strong>apoyo especializado para organizar y estructurar su gesti\u00f3n empresarial<\/strong>.<\/p>\n<\/div>\n<\/div>\n<\/div>\n\n\n\n<div class=\"wp-block-group alignfull is-style-ext-preset--group--natural-1--section has-background-background-color has-background has-global-padding is-layout-constrained wp-container-core-group-is-layout-6714b1d7 wp-block-group-is-layout-constrained\" style=\"margin-top:0;margin-bottom:0;padding-top:var(--wp--preset--spacing--70);padding-bottom:var(--wp--preset--spacing--70)\">\n<h3 class=\"wp-block-heading alignwide has-text-align-center\">El origen de este proyecto<\/h3>\n\n\n\n<div class=\"wp-block-media-text alignwide is-stacked-on-mobile is-vertically-aligned-center\" style=\"grid-template-columns:32% auto\"><figure class=\"wp-block-media-text__media\"><img loading=\"lazy\" decoding=\"async\" width=\"1024\" height=\"674\" src=\"https:\/\/susecretariaenremoto.com\/wp-content\/uploads\/2026\/01\/el-origen4-1.png\" alt=\"gesti\u00f3n financiera integral\" class=\"wp-image-199 size-full\" srcset=\"https:\/\/susecretariaenremoto.com\/wp-content\/uploads\/2026\/01\/el-origen4-1.png 1024w, https:\/\/susecretariaenremoto.com\/wp-content\/uploads\/2026\/01\/el-origen4-1-300x197.png 300w, https:\/\/susecretariaenremoto.com\/wp-content\/uploads\/2026\/01\/el-origen4-1-768x506.png 768w, https:\/\/susecretariaenremoto.com\/wp-content\/uploads\/2026\/01\/el-origen4-1-18x12.png 18w\" sizes=\"auto, (max-width: 1024px) 100vw, 1024px\" \/><\/figure><div class=\"wp-block-media-text__content\">\n<p>Este proyecto naci\u00f3 de una verdad fundamental: nuestro trabajo es nuestra mayor <strong>vocaci\u00f3n<\/strong>.<\/p>\n\n\n\n<p>Entendemos la <strong>gesti\u00f3n empresarial<\/strong> como un compromiso real con cada empresa. <\/p>\n\n\n\n<p>En sectores con gran actividad, como el <strong>sector construcci\u00f3n<\/strong>, una organizaci\u00f3n clara y una gesti\u00f3n estructurada resultan esenciales.<\/p>\n\n\n\n<p>Esta forma de entender nuestro trabajo define el proyecto que hoy desarrollamos.<\/p>\n<\/div><\/div>\n\n\n\n<hr class=\"wp-block-separator has-alpha-channel-opacity\"\/>\n\n\n\n<h3 class=\"wp-block-heading alignwide has-text-align-center\">Por qu\u00e9 crear este modelo de gesti\u00f3n financiera<\/h3>\n\n\n\n<div class=\"wp-block-media-text alignwide has-media-on-the-right is-stacked-on-mobile\" style=\"grid-template-columns:auto 31%\"><div class=\"wp-block-media-text__content\">\n<p>Nuestra misi\u00f3n es clara: ayudar a que las empresas <strong>crezcan m\u00e1s r\u00e1pido<\/strong>, con mayor organizaci\u00f3n y control en su gesti\u00f3n.<\/p>\n\n\n\n<p>En el <strong>sector construcci\u00f3n<\/strong>, muchas empresas concentran sus esfuerzos en la ejecuci\u00f3n de los proyectos. La <strong>gesti\u00f3n administrativa, financiera y organizativa<\/strong> suele quedar en segundo plano.<\/p>\n\n\n\n<p>Con el tiempo, esta falta de estructura afecta a la planificaci\u00f3n y al control del negocio. Reduciendo la <strong>eficiencia y la rentabilidad<\/strong> de la empresa.<\/p>\n\n\n\n<p>Por eso desarrollamos este modelo de gesti\u00f3n. Para que las empresas dispongan de una <strong>gesti\u00f3n empresarial m\u00e1s clara<\/strong>, organizada y alineada con sus objetivos.<\/p>\n<\/div><figure class=\"wp-block-media-text__media\"><img loading=\"lazy\" decoding=\"async\" width=\"1024\" height=\"750\" src=\"https:\/\/susecretariaenremoto.com\/wp-content\/uploads\/2026\/01\/por-que5-3.png\" alt=\"gesti\u00f3n financiera para empresas del sector construcci\u00f3n\" class=\"wp-image-206 size-full\" srcset=\"https:\/\/susecretariaenremoto.com\/wp-content\/uploads\/2026\/01\/por-que5-3.png 1024w, https:\/\/susecretariaenremoto.com\/wp-content\/uploads\/2026\/01\/por-que5-3-300x220.png 300w, https:\/\/susecretariaenremoto.com\/wp-content\/uploads\/2026\/01\/por-que5-3-768x563.png 768w, https:\/\/susecretariaenremoto.com\/wp-content\/uploads\/2026\/01\/por-que5-3-16x12.png 16w\" sizes=\"auto, (max-width: 1024px) 100vw, 1024px\" \/><\/figure><\/div>\n\n\n\n<hr class=\"wp-block-separator has-alpha-channel-opacity\"\/>\n\n\n\n<h3 class=\"wp-block-heading alignwide has-text-align-center\">C\u00f3mo trabajamos: eficiencia, estrategia y coordinaci\u00f3n<\/h3>\n\n\n\n<div class=\"wp-block-media-text alignwide is-stacked-on-mobile\" style=\"grid-template-columns:31% auto\"><figure class=\"wp-block-media-text__media\"><img loading=\"lazy\" decoding=\"async\" width=\"1024\" height=\"939\" src=\"https:\/\/susecretariaenremoto.com\/wp-content\/uploads\/2026\/01\/como3.png\" alt=\"empresas de construcci\u00f3n\" class=\"wp-image-213 size-full\" srcset=\"https:\/\/susecretariaenremoto.com\/wp-content\/uploads\/2026\/01\/como3.png 1024w, https:\/\/susecretariaenremoto.com\/wp-content\/uploads\/2026\/01\/como3-300x275.png 300w, https:\/\/susecretariaenremoto.com\/wp-content\/uploads\/2026\/01\/como3-768x704.png 768w, https:\/\/susecretariaenremoto.com\/wp-content\/uploads\/2026\/01\/como3-13x12.png 13w\" sizes=\"auto, (max-width: 1024px) 100vw, 1024px\" \/><\/figure><div class=\"wp-block-media-text__content\">\n<p>Ofrecemos la infraestructura, la experiencia y la proactividad propias de una <strong>secretar\u00eda de direcci\u00f3n<\/strong>.<\/p>\n\n\n\n<p>Nuestro trabajo no se limita a ejecutar <strong>tareas administrativas<\/strong>.<\/p>\n\n\n\n<p>Incorporamos una <strong>visi\u00f3n estrat\u00e9gica y coordinada<\/strong> de la empresa en cada proceso, adaptada especialmente al <strong>sector construcci\u00f3n<\/strong>.<\/p>\n\n\n\n<p><strong>Agilidad y proactividad<\/strong> en el trabajo diario, junto con una <strong>comunicaci\u00f3n constante<\/strong> que garantiza una coordinaci\u00f3n fluida con los objetivos del cliente.<\/p>\n\n\n\n<p><strong>Gesti\u00f3n financiera integral y estrat\u00e9gica<\/strong>: facturaci\u00f3n, contabilidad, fiscalidad y c\u00e1lculo de costes.<\/p>\n\n\n\n<p>Tambi\u00e9n <strong>asesoramos<\/strong> en cambios de <strong>estructura empresarial<\/strong>, como el paso de aut\u00f3nomo a <a href=\"https:\/\/ipyme.org\/es-es\/Paginas\/default.aspx\" title=\"sociedad limitada (SL).\">sociedad limitada (SL)<\/a>. <\/p>\n\n\n\n<p>Todo coordinado con la gestor\u00eda del cliente o nuestros colaboradores. <\/p>\n<\/div><\/div>\n\n\n\n<h3 class=\"wp-block-heading\">Valores que nos impulsan<\/h3>\n\n\n\n<div class=\"wp-block-media-text alignwide has-media-on-the-right is-stacked-on-mobile\" style=\"grid-template-columns:auto 31%\"><div class=\"wp-block-media-text__content\">\n<p>Nuestro proyecto es m\u00e1s que un trabajo: <strong>es un compromiso real<\/strong>. <\/p>\n\n\n\n<p>Gestionamos cada empresa con el mismo <strong>rigor, responsabilidad <\/strong>y cuidado que si fuera propia.<\/p>\n\n\n\n<p>Sabemos que detr\u00e1s de cada empresa hay <strong>esfuerzo y responsabilidad<\/strong>, especialmente en sectores exigentes como el <strong>sector construcci\u00f3n<\/strong>.<\/p>\n\n\n\n<p>Por eso construimos relaciones profesionales basadas en la <strong>confianza, la implicaci\u00f3n y la mejora continua<\/strong>, apoyando a su crecimiento.<\/p>\n\n\n\n<p>Si crees en lo que haces, estamos aqu\u00ed para apoyarte.<\/p>\n<\/div><figure class=\"wp-block-media-text__media\"><img loading=\"lazy\" decoding=\"async\" width=\"1024\" height=\"601\" src=\"https:\/\/susecretariaenremoto.com\/wp-content\/uploads\/2026\/01\/valores7.png\" alt=\"gesti\u00f3n financiera en remoto\" class=\"wp-image-214 size-full\" srcset=\"https:\/\/susecretariaenremoto.com\/wp-content\/uploads\/2026\/01\/valores7.png 1024w, https:\/\/susecretariaenremoto.com\/wp-content\/uploads\/2026\/01\/valores7-300x176.png 300w, https:\/\/susecretariaenremoto.com\/wp-content\/uploads\/2026\/01\/valores7-768x451.png 768w, https:\/\/susecretariaenremoto.com\/wp-content\/uploads\/2026\/01\/valores7-18x12.png 18w\" sizes=\"auto, (max-width: 1024px) 100vw, 1024px\" \/><\/figure><\/div>\n<\/div>\n\n\n\n<div class=\"wp-block-group alignfull is-style-ext-preset--group--natural-1--section has-tertiary-background-color has-background has-global-padding is-layout-constrained wp-container-core-group-is-layout-e955bbaf wp-block-group-is-layout-constrained\" style=\"margin-top:0;margin-bottom:0;padding-top:var(--wp--preset--spacing--70);padding-bottom:var(--wp--preset--spacing--70)\">\n<div class=\"wp-block-media-text alignwide is-stacked-on-mobile is-image-fill-element is-style-ext-preset--media-text--natural-1--card-1 has-background-background-color has-background is-style-ext-preset--media-text--natural-1--card-1--4\" style=\"grid-template-columns:32% auto\"><figure class=\"wp-block-media-text__media\"><img loading=\"lazy\" decoding=\"async\" width=\"644\" height=\"644\" src=\"https:\/\/susecretariaenremoto.com\/wp-content\/uploads\/2026\/01\/fonto-en-centro5.png\" alt=\"\" class=\"wp-image-687 size-full\" style=\"object-position:50% 50%\" srcset=\"https:\/\/susecretariaenremoto.com\/wp-content\/uploads\/2026\/01\/fonto-en-centro5.png 644w, https:\/\/susecretariaenremoto.com\/wp-content\/uploads\/2026\/01\/fonto-en-centro5-300x300.png 300w, https:\/\/susecretariaenremoto.com\/wp-content\/uploads\/2026\/01\/fonto-en-centro5-150x150.png 150w, https:\/\/susecretariaenremoto.com\/wp-content\/uploads\/2026\/01\/fonto-en-centro5-12x12.png 12w\" sizes=\"auto, (max-width: 644px) 100vw, 644px\" \/><\/figure><div class=\"wp-block-media-text__content\">\n<div class=\"wp-block-group alignwide is-vertical is-content-justification-center is-layout-flex wp-container-core-group-is-layout-a9c64a59 wp-block-group-is-layout-flex\" style=\"padding-top:var(--wp--preset--spacing--60);padding-bottom:var(--wp--preset--spacing--60)\">\n<div class=\"wp-block-group has-global-padding is-layout-constrained wp-container-core-group-is-layout-812d5580 wp-block-group-is-layout-constrained\" style=\"padding-top:0;padding-right:0;padding-bottom:0;padding-left:0\">\n<h2 class=\"wp-block-heading has-text-align-center\">Descubre c\u00f3mo podemos ayudarte en la gesti\u00f3n financiera de tu empresa<\/h2>\n\n\n\n<p class=\"has-text-align-center\">Ponemos nuestra experiencia al servicio de <strong>aut\u00f3nomos, pymes y empresas del sector construcci\u00f3n<\/strong>. <\/p>\n\n\n\n<p class=\"has-text-align-center\">Aportando <strong>orden, control y claridad<\/strong> en su gesti\u00f3n.<\/p>\n\n\n\n<p class=\"has-text-align-center\">Descubre nuestros <strong><a href=\"https:\/\/susecretariaenremoto.com\/en\/servicios-empresariales-nuestras-soluciones\/\" title=\"servicios \">servicios <\/a>y <a href=\"https:\/\/susecretariaenremoto.com\/en\/planes-de-negocio-administracion-empresarial\/\" title=\"planes\">planes<\/a><\/strong>, dise\u00f1ados para mejorar la <strong>rentabilidad<\/strong> y la <strong>toma de decisiones<\/strong>.<\/p>\n\n\n\n<p class=\"has-text-align-center\">Tambi\u00e9n puedes seguir nuestro trabajo y actualidad del <strong>sector construcci\u00f3n<\/strong> en <a href=\"https:\/\/www.instagram.com\/susecretariaenremoto\/\" title=\"Instagram \"><strong>Instagram<\/strong> <\/a>y <strong><a href=\"https:\/\/www.facebook.com\/profile.php?id=61581230279652&amp;locale=es_ES\" title=\"Facebook\">Facebook<\/a><\/strong>.<\/p>\n<\/div>\n<\/div>\n<\/div><\/div>\n<\/div>","protected":false},"excerpt":{"rendered":"<p>Nuestra historia nace dentro del propio sector construcci\u00f3n Durante a\u00f1os hemos trabajado junto a aut\u00f3nomos, pymes y empresas del sector de la construcci\u00f3n. Participando en la gesti\u00f3n financiera, administrativa y organizativa de sus negocios. Esa experiencia nos permiti\u00f3 comprender la realidad del sector y detectar una necesidad clara:Muchas empresas necesitaban apoyo especializado para organizar y [&hellip;]<\/p>\n","protected":false},"author":1,"featured_media":0,"parent":0,"menu_order":0,"comment_status":"closed","ping_status":"closed","template":"page-with-title","meta":{"footnotes":""},"class_list":["post-645","page","type-page","status-publish","hentry"],"aioseo_notices":[],"_links":{"self":[{"href":"https:\/\/susecretariaenremoto.com\/en\/wp-json\/wp\/v2\/pages\/645","targetHints":{"allow":["GET"]}}],"collection":[{"href":"https:\/\/susecretariaenremoto.com\/en\/wp-json\/wp\/v2\/pages"}],"about":[{"href":"https:\/\/susecretariaenremoto.com\/en\/wp-json\/wp\/v2\/types\/page"}],"author":[{"embeddable":true,"href":"https:\/\/susecretariaenremoto.com\/en\/wp-json\/wp\/v2\/users\/1"}],"replies":[{"embeddable":true,"href":"https:\/\/susecretariaenremoto.com\/en\/wp-json\/wp\/v2\/comments?post=645"}],"version-history":[{"count":59,"href":"https:\/\/susecretariaenremoto.com\/en\/wp-json\/wp\/v2\/pages\/645\/revisions"}],"predecessor-version":[{"id":1079,"href":"https:\/\/susecretariaenremoto.com\/en\/wp-json\/wp\/v2\/pages\/645\/revisions\/1079"}],"wp:attachment":[{"href":"https:\/\/susecretariaenremoto.com\/en\/wp-json\/wp\/v2\/media?parent=645"}],"curies":[{"name":"wp","href":"https:\/\/api.w.org\/{rel}","templated":true}]}}