{"id":790,"date":"2026-02-01T14:51:13","date_gmt":"2026-02-01T14:51:13","guid":{"rendered":"https:\/\/susecretariaenremoto.com\/?page_id=790"},"modified":"2026-03-08T20:19:57","modified_gmt":"2026-03-08T20:19:57","slug":"contacto-actualidad-empresarial","status":"publish","type":"page","link":"https:\/\/susecretariaenremoto.com\/en\/contacto-actualidad-empresarial\/","title":{"rendered":"Actualidad empresarial | Contacto"},"content":{"rendered":"<h2 class=\"wp-block-heading alignwide has-text-align-center\">Actualidad empresarial | Contacto<\/h2>\n\n\n\n<blockquote class=\"wp-block-quote is-layout-flow wp-block-quote-is-layout-flow\">\n<p>Contacta con nuestro equipo para analizar y mejorar la estructura administrativa y contable de tu negocio.<br>Asimismo, consulta informaci\u00f3n relacionada con la actualidad empresarial.<\/p>\n<\/blockquote>\n\n\n\n<div class=\"wp-block-group alignfull is-style-ext-preset--group--natural-1--section has-tertiary-background-color has-background has-global-padding is-layout-constrained wp-container-core-group-is-layout-e955bbaf wp-block-group-is-layout-constrained\" style=\"margin-top:0;margin-bottom:0;padding-top:var(--wp--preset--spacing--70);padding-bottom:var(--wp--preset--spacing--70)\">\n<div class=\"wp-block-media-text alignwide has-media-on-the-right is-stacked-on-mobile is-image-fill-element is-style-ext-preset--media-text--natural-1--card-1 has-background-background-color has-background is-style-ext-preset--media-text--natural-1--card-1--2\" style=\"grid-template-columns:auto 51%\"><div class=\"wp-block-media-text__content\">\n<h3 class=\"wp-block-heading has-text-align-center\">Contenidos y actualidad empresarial en nuestras redes<\/h3>\n\n\n\n<div class=\"wp-block-group has-global-padding is-layout-constrained wp-container-core-group-is-layout-812d5580 wp-block-group-is-layout-constrained\" style=\"padding-top:0;padding-right:0;padding-bottom:0;padding-left:0\">\n<h2 class=\"wp-block-heading has-text-align-center\">Estrategia y criterio<\/h2>\n\n\n\n<p class=\"has-text-align-center\">Ponemos a tu disposici\u00f3n :<\/p>\n\n\n\n<p class=\"has-text-align-center\">Contenidos pr\u00e1cticos y criterios estrat\u00e9gicos para fortalecer tu administraci\u00f3n<\/p>\n\n\n\n<p class=\"has-text-align-center\">Oportunidades laborales vinculadas a nuestros clientes<\/p>\n\n\n\n<p class=\"has-text-align-center\">Informaci\u00f3n de actualidad empresarial.<\/p>\n\n\n\n<p class=\"has-text-align-center\">Consulta nuestros perfiles de <a href=\"https:\/\/www.instagram.com\/susecretariaenremoto\/\" title=\"\"><strong>Instagram<\/strong><\/a>, <strong><a href=\"https:\/\/www.facebook.com\/profile.php?id=61581230279652&amp;locale=es_ES\" title=\"\">Facebook<\/a><\/strong> <\/p>\n<\/div>\n<\/div><figure class=\"wp-block-media-text__media\"><a href=\"https:\/\/susecretariaenremoto.com\/en\/servicios-empresariales-nuestras-soluciones\/\"><img loading=\"lazy\" decoding=\"async\" width=\"1024\" height=\"934\" src=\"https:\/\/susecretariaenremoto.com\/wp-content\/uploads\/2026\/01\/blog.-foto-insta2-4.png\" alt=\"actualidad empresarial\" class=\"wp-image-222 size-full\" style=\"object-position:50% 50%\" srcset=\"https:\/\/susecretariaenremoto.com\/wp-content\/uploads\/2026\/01\/blog.-foto-insta2-4.png 1024w, https:\/\/susecretariaenremoto.com\/wp-content\/uploads\/2026\/01\/blog.-foto-insta2-4-300x274.png 300w, https:\/\/susecretariaenremoto.com\/wp-content\/uploads\/2026\/01\/blog.-foto-insta2-4-768x701.png 768w, https:\/\/susecretariaenremoto.com\/wp-content\/uploads\/2026\/01\/blog.-foto-insta2-4-13x12.png 13w\" sizes=\"auto, (max-width: 1024px) 100vw, 1024px\" \/><\/a><\/figure><\/div>\n<\/div>\n\n\n\n<div class=\"wp-block-group alignfull is-style-ext-preset--group--natural-1--section has-background-background-color has-background has-global-padding is-layout-constrained wp-block-group-is-layout-constrained\" style=\"margin-top:0;margin-bottom:0;padding-top:var(--wp--preset--spacing--70);padding-bottom:var(--wp--preset--spacing--70)\">\n<div class=\"wp-block-media-text alignwide is-stacked-on-mobile is-image-fill-element has-text-color has-background\" style=\"color:#000000;background-color:#f5f5f5;font-size:14px;grid-template-columns:51% auto\"><figure class=\"wp-block-media-text__media\"><img loading=\"lazy\" decoding=\"async\" width=\"1024\" height=\"1024\" src=\"https:\/\/susecretariaenremoto.com\/wp-content\/uploads\/2026\/01\/formulario-de-contacto3.png\" alt=\"\" class=\"wp-image-146 size-full\" style=\"object-position:50% 50%\" srcset=\"https:\/\/susecretariaenremoto.com\/wp-content\/uploads\/2026\/01\/formulario-de-contacto3.png 1024w, https:\/\/susecretariaenremoto.com\/wp-content\/uploads\/2026\/01\/formulario-de-contacto3-300x300.png 300w, https:\/\/susecretariaenremoto.com\/wp-content\/uploads\/2026\/01\/formulario-de-contacto3-150x150.png 150w, https:\/\/susecretariaenremoto.com\/wp-content\/uploads\/2026\/01\/formulario-de-contacto3-768x768.png 768w, https:\/\/susecretariaenremoto.com\/wp-content\/uploads\/2026\/01\/formulario-de-contacto3-12x12.png 12w\" sizes=\"auto, (max-width: 1024px) 100vw, 1024px\" \/><\/figure><div class=\"wp-block-media-text__content\">\n<div class=\"wp-block-group alignwide has-global-padding is-layout-constrained wp-container-core-group-is-layout-c2fa4475 wp-block-group-is-layout-constrained\" style=\"padding-top:16px;padding-right:16px;padding-bottom:16px;padding-left:16px;font-size:14px\">\n<div class=\"wp-block-contact-form-7-contact-form-selector\">\n<div class=\"wpcf7 no-js\" id=\"wpcf7-f20-o1\" lang=\"es-ES\" dir=\"ltr\" data-wpcf7-id=\"20\">\n<div class=\"screen-reader-response\"><p role=\"status\" aria-live=\"polite\" aria-atomic=\"true\"><\/p> <ul><\/ul><\/div>\n<form action=\"\/en\/wp-json\/wp\/v2\/pages\/790#wpcf7-f20-o1\" method=\"post\" class=\"wpcf7-form init\" aria-label=\"Formulario de contacto\" novalidate=\"novalidate\" data-status=\"init\" data-trp-original-action=\"\/en\/wp-json\/wp\/v2\/pages\/790#wpcf7-f20-o1\">\n<fieldset class=\"hidden-fields-container\"><input type=\"hidden\" name=\"_wpcf7\" value=\"20\" \/><input type=\"hidden\" name=\"_wpcf7_version\" value=\"6.1.5\" \/><input type=\"hidden\" name=\"_wpcf7_locale\" value=\"es_ES\" \/><input type=\"hidden\" name=\"_wpcf7_unit_tag\" value=\"wpcf7-f20-o1\" \/><input type=\"hidden\" name=\"_wpcf7_container_post\" value=\"0\" \/><input type=\"hidden\" name=\"_wpcf7_posted_data_hash\" value=\"\" \/><input type=\"hidden\" name=\"_wpcf7_recaptcha_response\" value=\"\" \/>\n<\/fieldset>\n<p><label> Tu nombre<br \/>\n<span class=\"wpcf7-form-control-wrap\" data-name=\"your-name\"><input size=\"40\" maxlength=\"400\" class=\"wpcf7-form-control wpcf7-text wpcf7-validates-as-required\" autocomplete=\"name\" aria-required=\"true\" aria-invalid=\"false\" value=\"\" type=\"text\" name=\"your-name\" \/><\/span> <\/label>\n<\/p>\n<p><label> Tu correo electr\u00f3nico<br \/>\n<span class=\"wpcf7-form-control-wrap\" data-name=\"your-email\"><input size=\"40\" maxlength=\"400\" class=\"wpcf7-form-control wpcf7-email wpcf7-validates-as-required wpcf7-text wpcf7-validates-as-email\" autocomplete=\"email\" aria-required=\"true\" aria-invalid=\"false\" value=\"\" type=\"email\" name=\"your-email\" \/><\/span> <\/label>\n<\/p>\n<p><label> Asunto<br \/>\n<span class=\"wpcf7-form-control-wrap\" data-name=\"your-subject\"><input size=\"40\" maxlength=\"400\" class=\"wpcf7-form-control wpcf7-text wpcf7-validates-as-required\" aria-required=\"true\" aria-invalid=\"false\" value=\"\" type=\"text\" name=\"your-subject\" \/><\/span> <\/label>\n<\/p>\n<p><label> Tu mensaje (opcional)<br \/>\n<span class=\"wpcf7-form-control-wrap\" data-name=\"your-message\"><textarea cols=\"40\" rows=\"10\" maxlength=\"2000\" class=\"wpcf7-form-control wpcf7-textarea\" aria-invalid=\"false\" name=\"your-message\"><\/textarea><\/span> <\/label>\n<\/p>\n<p><input class=\"wpcf7-form-control wpcf7-submit has-spinner\" type=\"submit\" value=\"Enviar\" \/>\n<\/p><div class=\"wpcf7-response-output\" aria-hidden=\"true\"><\/div>\n<input type=\"hidden\" name=\"trp-form-language\" value=\"en\"\/><\/form>\n<\/div>\n<\/div>\n<\/div>\n<\/div><\/div>\n<\/div>\n\n\n\n<div class=\"wp-block-group alignfull is-style-ext-preset--group--natural-1--section has-tertiary-background-color has-background has-global-padding is-layout-constrained wp-block-group-is-layout-constrained\" style=\"margin-top:0;margin-bottom:0;padding-top:var(--wp--preset--spacing--70);padding-bottom:var(--wp--preset--spacing--70)\">\n<div class=\"wp-block-columns alignwide is-layout-flex wp-container-core-columns-is-layout-08c01c1c wp-block-columns-is-layout-flex\">\n<div class=\"wp-block-column is-vertically-aligned-center is-layout-flow wp-block-column-is-layout-flow\">\n<iframe src=\"https:\/\/www.google.com\/maps\/embed?pb=!1m18!1m12!1m3!1d789740.3177929414!2d2.0762673958656728!3d39.35797765239289!2m3!1f0!2f0!3f0!3m2!1i1024!2i768!4f13.1!3m3!1m2!1s0x1297bbfff404864b%3A0xd5896ba9c72db2c4!2sIslas%20Baleares!5e0!3m2!1ses!2ses!4v1769960357129!5m2!1ses!2ses\" width=\"600\" height=\"450\" style=\"border:0;\" allowfullscreen=\"\" loading=\"lazy\" referrerpolicy=\"no-referrer-when-downgrade\"><\/iframe>\n<\/div>\n\n\n\n<div class=\"wp-block-column is-vertically-aligned-stretch is-layout-flow wp-block-column-is-layout-flow\">\n<div class=\"wp-block-group alignwide is-style-ext-preset--group--natural-1--item-card-1--align-start has-background-background-color has-background is-nowrap is-layout-flex wp-container-core-group-is-layout-bcde1d39 wp-block-group-is-layout-flex is-style-ext-preset--group--natural-1--item-card-1--align-start--5\" style=\"min-height:100%;padding-top:0;padding-right:0;padding-bottom:0;padding-left:0\">\n<div class=\"wp-block-group alignwide has-global-padding is-layout-constrained wp-container-core-group-is-layout-71f8e6ab wp-block-group-is-layout-constrained\" style=\"padding-top:var(--wp--preset--spacing--50);padding-right:var(--wp--preset--spacing--50);padding-bottom:var(--wp--preset--spacing--50);padding-left:var(--wp--preset--spacing--50)\"><div class=\"aligncenter is-style-default wp-block-site-logo\"><a href=\"https:\/\/susecretariaenremoto.com\/en\/\" class=\"custom-logo-link\" rel=\"home\"><img loading=\"lazy\" decoding=\"async\" width=\"284\" height=\"142\" src=\"https:\/\/susecretariaenremoto.com\/wp-content\/uploads\/2026\/02\/LOGO-DEFINITIVO-9_2.png\" class=\"custom-logo\" alt=\"Direcci&oacute;n empresarial | Gesti&oacute;n de empresas sector construcci&oacute;n\" srcset=\"https:\/\/susecretariaenremoto.com\/wp-content\/uploads\/2026\/02\/LOGO-DEFINITIVO-9_2.png 1536w, https:\/\/susecretariaenremoto.com\/wp-content\/uploads\/2026\/02\/LOGO-DEFINITIVO-9_2-300x150.png 300w, https:\/\/susecretariaenremoto.com\/wp-content\/uploads\/2026\/02\/LOGO-DEFINITIVO-9_2-1024x512.png 1024w, https:\/\/susecretariaenremoto.com\/wp-content\/uploads\/2026\/02\/LOGO-DEFINITIVO-9_2-768x384.png 768w, https:\/\/susecretariaenremoto.com\/wp-content\/uploads\/2026\/02\/LOGO-DEFINITIVO-9_2-18x9.png 18w\" sizes=\"auto, (max-width: 284px) 100vw, 284px\" \/><\/a><\/div>\n\n\n<div class=\"wp-block-group has-global-padding is-layout-constrained wp-container-core-group-is-layout-812d5580 wp-block-group-is-layout-constrained\" style=\"padding-top:0;padding-right:0;padding-bottom:0;padding-left:0\">\n<p style=\"font-size:clamp(14px, 0.875rem + ((1vw - 3.2px) * 0.417), 18px);\"><strong>Asesoramiento y soporte empresarial a nivel nacional<\/strong><\/p>\n\n\n\n<div class=\"wp-block-columns are-vertically-aligned-center is-not-stacked-on-mobile is-layout-flex wp-container-core-columns-is-layout-6db7e666 wp-block-columns-is-layout-flex\">\n<div class=\"wp-block-column is-vertically-aligned-center is-layout-flow wp-block-column-is-layout-flow\" style=\"flex-basis:24px\">\n<figure class=\"wp-block-image size-large wp-duotone-primary-foreground\"><img decoding=\"async\" src=\"data:image\/svg+xml;base64,PHN2ZyB4bWxucz0iaHR0cDovL3d3dy53My5vcmcvMjAwMC9zdmciIHdpZHRoPSIyNCIgaGVpZ2h0PSIyNCIgZmlsbD0iIzAwMDAwMCIgdmlld0JveD0iMCAwIDI1NiAyNTYiPjxwYXRoIGQ9Ik0yMjIuMzcsMTU4LjQ2bC00Ny4xMS0yMS4xMS0uMTMtLjA2YTE2LDE2LDAsMCwwLTE1LjE3LDEuNCw4LjEyLDguMTIsMCwwLDAtLjc1LjU2TDEzNC44NywxNjBjLTE1LjQyLTcuNDktMzEuMzQtMjMuMjktMzguODMtMzguNTFsMjAuNzgtMjQuNzFjLjItLjI1LjM5LS41LjU3LS43N2ExNiwxNiwwLDAsMCwxLjMyLTE1LjA2bDAtLjEyTDk3LjU0LDMzLjY0YTE2LDE2LDAsMCwwLTE2LjYyLTkuNTJBNTYuMjYsNTYuMjYsMCwwLDAsMzIsODBjMCw3OS40LDY0LjYsMTQ0LDE0NCwxNDRhNTYuMjYsNTYuMjYsMCwwLDAsNTUuODgtNDguOTJBMTYsMTYsMCwwLDAsMjIyLjM3LDE1OC40NlpNMTc2LDIwOEExMjguMTQsMTI4LjE0LDAsMCwxLDQ4LDgwLDQwLjIsNDAuMiwwLDAsMSw4Mi44Nyw0MGEuNjEuNjEsMCwwLDAsMCwuMTJsMjEsNDdMODMuMiwxMTEuODZhNi4xMyw2LjEzLDAsMCwwLS41Ny43NywxNiwxNiwwLDAsMC0xLDE1LjdjOS4wNiwxOC41MywyNy43MywzNy4wNiw0Ni40Niw0Ni4xMWExNiwxNiwwLDAsMCwxNS43NS0xLjE0LDguNDQsOC40NCwwLDAsMCwuNzQtLjU2TDE2OC44OSwxNTJsNDcsMjEuMDVoMHMuMDgsMCwuMTEsMEE0MC4yMSw0MC4yMSwwLDAsMSwxNzYsMjA4WiI+PC9wYXRoPjwvc3ZnPg==\" alt=\"\"\/><\/figure>\n<\/div>\n\n\n\n<div class=\"wp-block-column is-vertically-aligned-center is-layout-flow wp-container-core-column-is-layout-8a368f38 wp-block-column-is-layout-flow\">\n<p class=\"has-medium-font-size\" style=\"font-style:normal;font-weight:500\">+34 613 826 010 <\/p>\n<\/div>\n<\/div>\n\n\n\n<div class=\"wp-block-columns are-vertically-aligned-center is-not-stacked-on-mobile is-layout-flex wp-container-core-columns-is-layout-6db7e666 wp-block-columns-is-layout-flex\">\n<div class=\"wp-block-column is-vertically-aligned-center is-layout-flow wp-block-column-is-layout-flow\" style=\"flex-basis:24px\">\n<figure class=\"wp-block-image size-large wp-duotone-primary-foreground\"><img decoding=\"async\" src=\"data:image\/svg+xml;base64,PHN2ZyB4bWxucz0iaHR0cDovL3d3dy53My5vcmcvMjAwMC9zdmciIHdpZHRoPSIyNCIgaGVpZ2h0PSIyNCIgZmlsbD0iIzAwMDAwMCIgdmlld0JveD0iMCAwIDI1NiAyNTYiPjxwYXRoIGQ9Ik0yMjQsNDhIMzJhOCw4LDAsMCwwLTgsOFYxOTJhMTYsMTYsMCwwLDAsMTYsMTZIMjE2YTE2LDE2LDAsMCwwLDE2LTE2VjU2QTgsOCwwLDAsMCwyMjQsNDhaTTIwMy40Myw2NCwxMjgsMTMzLjE1LDUyLjU3LDY0Wk0yMTYsMTkySDQwVjc0LjE5bDgyLjU5LDc1LjcxYTgsOCwwLDAsMCwxMC44MiwwTDIxNiw3NC4xOVYxOTJaIj48L3BhdGg+PC9zdmc+\" alt=\"\"\/><\/figure>\n<\/div>\n\n\n\n<div class=\"wp-block-column is-vertically-aligned-center is-layout-flow wp-container-core-column-is-layout-8a368f38 wp-block-column-is-layout-flow\">\n<p class=\"has-medium-font-size\" style=\"font-style:normal;font-weight:500\">info@susecretariaenremoto.com<\/p>\n<\/div>\n<\/div>\n<\/div>\n<\/div>\n<\/div>\n<\/div>\n<\/div>\n<\/div>","protected":false},"excerpt":{"rendered":"<p>Actualidad empresarial | Contacto Contacta con nuestro equipo para analizar y mejorar la estructura administrativa y contable de tu negocio.Asimismo, consulta informaci\u00f3n relacionada con la actualidad empresarial. Contenidos y actualidad empresarial en nuestras redes Estrategia y criterio Ponemos a tu disposici\u00f3n : Contenidos pr\u00e1cticos y criterios estrat\u00e9gicos para fortalecer tu administraci\u00f3n Oportunidades laborales vinculadas a [&hellip;]<\/p>\n","protected":false},"author":1,"featured_media":0,"parent":0,"menu_order":0,"comment_status":"closed","ping_status":"closed","template":"no-title","meta":{"footnotes":""},"class_list":["post-790","page","type-page","status-publish","hentry"],"aioseo_notices":[],"_links":{"self":[{"href":"https:\/\/susecretariaenremoto.com\/en\/wp-json\/wp\/v2\/pages\/790","targetHints":{"allow":["GET"]}}],"collection":[{"href":"https:\/\/susecretariaenremoto.com\/en\/wp-json\/wp\/v2\/pages"}],"about":[{"href":"https:\/\/susecretariaenremoto.com\/en\/wp-json\/wp\/v2\/types\/page"}],"author":[{"embeddable":true,"href":"https:\/\/susecretariaenremoto.com\/en\/wp-json\/wp\/v2\/users\/1"}],"replies":[{"embeddable":true,"href":"https:\/\/susecretariaenremoto.com\/en\/wp-json\/wp\/v2\/comments?post=790"}],"version-history":[{"count":54,"href":"https:\/\/susecretariaenremoto.com\/en\/wp-json\/wp\/v2\/pages\/790\/revisions"}],"predecessor-version":[{"id":1104,"href":"https:\/\/susecretariaenremoto.com\/en\/wp-json\/wp\/v2\/pages\/790\/revisions\/1104"}],"wp:attachment":[{"href":"https:\/\/susecretariaenremoto.com\/en\/wp-json\/wp\/v2\/media?parent=790"}],"curies":[{"name":"wp","href":"https:\/\/api.w.org\/{rel}","templated":true}]}}